{"id":1138,"date":"2025-12-17T11:22:12","date_gmt":"2025-12-17T11:22:12","guid":{"rendered":"https:\/\/neon-sup.com\/?post_type=product&#038;p=1138"},"modified":"2026-03-20T13:19:48","modified_gmt":"2026-03-20T13:19:48","slug":"inflatable-kayak-neon-flux-390","status":"publish","type":"product","link":"https:\/\/neon-sup.com\/en\/shop\/all-products\/inflatable-kayak\/inflatable-kayak-neon-flux-390\/","title":{"rendered":"INFLATABLE KAYAK NEON FLUX 390"},"content":{"rendered":"<p>[et_pb_section fb_built=&#8221;1&#8243; _builder_version=&#8221;4.16&#8243; custom_padding=&#8221;0px||||false|false&#8221; global_colors_info=&#8221;{}&#8221;][et_pb_row _builder_version=&#8221;4.16&#8243; background_size=&#8221;initial&#8221; background_position=&#8221;top_left&#8221; background_repeat=&#8221;repeat&#8221; width=&#8221;100%&#8221; custom_padding=&#8221;0px||0px||false|false&#8221; global_colors_info=&#8221;{}&#8221;][et_pb_column type=&#8221;4_4&#8243; _builder_version=&#8221;4.16&#8243; custom_padding=&#8221;|||&#8221; global_colors_info=&#8221;{}&#8221; custom_padding__hover=&#8221;|||&#8221;][et_pb_wc_cart_notice admin_label=&#8221;NOTIFICATIONS WOOCOMMERCE&#8221; _builder_version=&#8221;4.19.4&#8243; custom_button=&#8221;on&#8221; button_bg_color=&#8221;#000000&#8243; button_border_width=&#8221;0px&#8221; button_border_radius=&#8221;26px&#8221; button_letter_spacing=&#8221;0px&#8221; button_use_icon=&#8221;off&#8221; button_custom_margin=&#8221;-8px|6px|5px||false|false&#8221; button_custom_padding=&#8221;10px|20px|10px|20px|false|false&#8221; text_orientation=&#8221;center&#8221; custom_padding=&#8221;30px|15px|15px|15px|false|false&#8221; global_colors_info=&#8221;{}&#8221;][\/et_pb_wc_cart_notice][\/et_pb_column][\/et_pb_row][et_pb_row column_structure=&#8221;3_5,2_5&#8243; _builder_version=&#8221;4.19.4&#8243; background_size=&#8221;initial&#8221; background_position=&#8221;top_left&#8221; background_repeat=&#8221;repeat&#8221; width=&#8221;100%&#8221; custom_margin=&#8221;50px||||false|false&#8221; global_colors_info=&#8221;{}&#8221;][et_pb_column type=&#8221;3_5&#8243; _builder_version=&#8221;4.16&#8243; custom_padding=&#8221;|||&#8221; global_colors_info=&#8221;{}&#8221; custom_padding__hover=&#8221;|||&#8221;][et_pb_image src=&#8221;https:\/\/neon-sup.com\/wp-content\/uploads\/108-LED-WHITE-BG.png&#8221; alt=&#8221;inflatable kayak neon flux&#8221; title_text=&#8221;inflatable kayak neon flux&#8221; align=&#8221;center&#8221; disabled_on=&#8221;on|on|on&#8221; admin_label=&#8221;NOM DU PRODUIT&#8221; _builder_version=&#8221;4.19.4&#8243; _module_preset=&#8221;default&#8221; width=&#8221;50%&#8221; custom_margin=&#8221;-60px||||false|false&#8221; disabled=&#8221;on&#8221; global_colors_info=&#8221;{}&#8221;][\/et_pb_image][et_pb_wc_images admin_label=&#8221;IMAGES A LA UNE&#8221; _builder_version=&#8221;4.16&#8243; global_colors_info=&#8221;{}&#8221;][\/et_pb_wc_images][\/et_pb_column][et_pb_column type=&#8221;2_5&#8243; _builder_version=&#8221;4.19.4&#8243; background_color=&#8221;#000000&#8243; custom_padding=&#8221;25px|25px|25px|25px|false|false&#8221; global_colors_info=&#8221;{}&#8221; custom_padding__hover=&#8221;|||&#8221;][et_pb_wc_title admin_label=&#8221;TITRE WOOCOMMERCE&#8221; _builder_version=&#8221;4.19.4&#8243; header_font=&#8221;||||||||&#8221; header_text_align=&#8221;center&#8221; header_text_color=&#8221;#E6E6E6&#8243; header_font_size=&#8221;18px&#8221; header_letter_spacing=&#8221;2px&#8221; header_line_height=&#8221;1.5em&#8221; custom_margin=&#8221;15px||40px||false|false&#8221; global_colors_info=&#8221;{}&#8221;][\/et_pb_wc_title][et_pb_wc_price admin_label=&#8221;PRIX&#8221; _builder_version=&#8221;4.19.4&#8243; body_text_color=&#8221;#00A3A8&#8243; text_orientation=&#8221;center&#8221; locked=&#8221;off&#8221; global_colors_info=&#8221;{}&#8221;][\/et_pb_wc_price][et_pb_text admin_label=&#8221;DIMENSIONS&#8221; _builder_version=&#8221;4.27.0&#8243; _module_preset=&#8221;default&#8221; text_text_color=&#8221;#E6E6E6&#8243; header_3_font=&#8221;Blogger Sans-Bold|||on|||||&#8221; header_3_text_align=&#8221;center&#8221; header_3_text_color=&#8221;#E6E6E6&#8243; header_3_font_size=&#8221;14px&#8221; header_3_letter_spacing=&#8221;2px&#8221; text_orientation=&#8221;center&#8221; custom_margin=&#8221;||35px||false|false&#8221; global_colors_info=&#8221;{}&#8221;]<\/p>\n<h3>Size<\/h3>\n<p><span style=\"color: #00a3a8;\">390 cm<\/span> ~ <span style=\"color: #00a3a8;\">90 cm<\/span><\/p>\n<p>[\/et_pb_text][et_pb_text disabled_on=&#8221;off|off|off&#8221; admin_label=&#8221;TECH&#8221; _builder_version=&#8221;4.27.0&#8243; _module_preset=&#8221;default&#8221; text_text_color=&#8221;#E6E6E6&#8243; header_3_font=&#8221;Blogger Sans-Bold|||on|||||&#8221; header_3_text_align=&#8221;center&#8221; header_3_text_color=&#8221;#E6E6E6&#8243; header_3_font_size=&#8221;14px&#8221; header_3_letter_spacing=&#8221;2px&#8221; text_orientation=&#8221;center&#8221; custom_margin=&#8221;||35px||false|false&#8221; global_colors_info=&#8221;{}&#8221;]<\/p>\n<h3>CAPACITY<\/h3>\n<p><span style=\"color: #00a3a8;\">1 to 2<\/span> People<\/p>\n<p>[\/et_pb_text][et_pb_text admin_label=&#8221;PACK&#8221; _builder_version=&#8221;4.19.4&#8243; _module_preset=&#8221;default&#8221; text_text_color=&#8221;#E6E6E6&#8243; header_3_font=&#8221;Blogger Sans-Bold|||on|||||&#8221; header_3_text_align=&#8221;center&#8221; header_3_text_color=&#8221;#E6E6E6&#8243; header_3_font_size=&#8221;14px&#8221; header_3_letter_spacing=&#8221;2px&#8221; text_orientation=&#8221;center&#8221; custom_margin=&#8221;||35px||false|false&#8221; global_colors_info=&#8221;{}&#8221;]<\/p>\n<h3>Pack<\/h3>\n<p><span style=\"color: #00a3a8;\">Full Pack<\/span> Included<\/p>\n<p>[\/et_pb_text][et_pb_text admin_label=&#8221;TITRE PROGRAM&#8221; _builder_version=&#8221;4.19.4&#8243; _module_preset=&#8221;default&#8221; header_3_font=&#8221;Blogger Sans-Bold|||on|||||&#8221; header_3_text_align=&#8221;center&#8221; header_3_text_color=&#8221;#E6E6E6&#8243; header_3_font_size=&#8221;14px&#8221; header_3_letter_spacing=&#8221;2px&#8221; custom_margin=&#8221;||5px||false|false&#8221; global_colors_info=&#8221;{}&#8221;]<\/p>\n<h3>Program<\/h3>\n<p>[\/et_pb_text][et_pb_image src=&#8221;https:\/\/neon-sup.com\/wp-content\/uploads\/JAUGE-PROGRAMME-SUP-NEON-VOLT-12.png&#8221; alt=&#8221;JAUGE PROGRAMME SUP NEON LED 10\u20198\u2033&#8221; title_text=&#8221;JAUGE PROGRAMME SUP NEON VOLT 12&#039;&#8221; align=&#8221;center&#8221; admin_label=&#8221;JAUGE PROGRAM&#8221; _builder_version=&#8221;4.27.0&#8243; _module_preset=&#8221;default&#8221; custom_margin=&#8221;||40px||false|false&#8221; global_colors_info=&#8221;{}&#8221;][\/et_pb_image][et_pb_text admin_label=&#8221;TITRE LEVEL&#8221; _builder_version=&#8221;4.19.4&#8243; _module_preset=&#8221;default&#8221; header_3_font=&#8221;Blogger Sans-Bold|||on|||||&#8221; header_3_text_align=&#8221;center&#8221; header_3_text_color=&#8221;#E6E6E6&#8243; header_3_font_size=&#8221;14px&#8221; header_3_letter_spacing=&#8221;2px&#8221; custom_margin=&#8221;||5px||false|false&#8221; global_colors_info=&#8221;{}&#8221;]<\/p>\n<h3>Level<\/h3>\n<p>[\/et_pb_text][et_pb_image src=&#8221;https:\/\/neon-sup.com\/wp-content\/uploads\/JAUGE-LEVEL-BIGINNER-INTERMEDIATE.png&#8221; alt=&#8221;Stand Up Paddle Board Level Beginner&#8221; title_text=&#8221;JAUGE LEVEL BEGINNER INTERMEDIATE&#8221; align=&#8221;center&#8221; admin_label=&#8221;JAUGE LEVEL&#8221; _builder_version=&#8221;4.27.0&#8243; _module_preset=&#8221;default&#8221; custom_margin=&#8221;||40px||false|false&#8221; global_colors_info=&#8221;{}&#8221;][\/et_pb_image][et_pb_wc_add_to_cart field_label_position=&#8221;inline&#8221; admin_label=&#8221;BOUTON PANIER&#8221; _builder_version=&#8221;4.19.4&#8243; field_label_font=&#8221;Blogger Sans-Bold||||||||&#8221; field_label_text_align=&#8221;center&#8221; text_orientation=&#8221;center&#8221; module_alignment=&#8221;center&#8221; locked=&#8221;off&#8221; global_colors_info=&#8221;{}&#8221;][\/et_pb_wc_add_to_cart][et_pb_image src=&#8221;https:\/\/neon-sup.com\/wp-content\/uploads\/PAYMENT-CARDS-WHITE.png&#8221; title_text=&#8221;PAYMENT CARDS WHITE&#8221; admin_label=&#8221;ICONS CARTES PAIEMENT&#8221; _builder_version=&#8221;4.19.4&#8243; _module_preset=&#8221;default&#8221; width=&#8221;50%&#8221; module_alignment=&#8221;center&#8221; custom_margin=&#8221;||25px||false|false&#8221; global_colors_info=&#8221;{}&#8221;][\/et_pb_image][\/et_pb_column][\/et_pb_row][et_pb_row _builder_version=&#8221;4.19.4&#8243; width=&#8221;100%&#8221; custom_margin=&#8221;0px||0px||false|false&#8221; custom_padding=&#8221;0px||0px||false|false&#8221; global_colors_info=&#8221;{}&#8221;][et_pb_column type=&#8221;4_4&#8243; _builder_version=&#8221;4.16&#8243; custom_padding=&#8221;|||&#8221; global_colors_info=&#8221;{}&#8221; custom_padding__hover=&#8221;|||&#8221;][et_pb_wc_breadcrumb admin_label=&#8221;FIL D&#8217;ARIANE&#8221; _builder_version=&#8221;4.19.4&#8243; body_font_size=&#8221;12px&#8221; global_colors_info=&#8221;{}&#8221;][\/et_pb_wc_breadcrumb][\/et_pb_column][\/et_pb_row][et_pb_row _builder_version=&#8221;4.16&#8243; background_size=&#8221;initial&#8221; background_position=&#8221;top_left&#8221; background_repeat=&#8221;repeat&#8221; width=&#8221;100%&#8221; global_colors_info=&#8221;{}&#8221;][et_pb_column type=&#8221;4_4&#8243; _builder_version=&#8221;4.16&#8243; custom_padding=&#8221;|||&#8221; global_colors_info=&#8221;{}&#8221; custom_padding__hover=&#8221;|||&#8221;][et_pb_wc_tabs active_tab_background_color=&#8221;#E50054&#8243; inactive_tab_background_color=&#8221;#E6E6E6&#8243; active_tab_text_color=&#8221;#E6E6E6&#8243; include_tabs=&#8221;|additional_information|&#8221; _builder_version=&#8221;4.20.4&#8243; tab_text_color=&#8221;#E50054&#8243; body_text_color=&#8221;#E50054&#8243; tab_line_height=&#8221;2.5em&#8221; border_style_all=&#8221;none&#8221; global_colors_info=&#8221;{}&#8221;]\t\t\t\t\t[\/et_pb_wc_tabs][et_pb_wc_tabs active_tab_background_color=&#8221;#E50054&#8243; inactive_tab_background_color=&#8221;#E6E6E6&#8243; active_tab_text_color=&#8221;#E6E6E6&#8243; include_tabs=&#8221;description||&#8221; _builder_version=&#8221;4.20.4&#8243; tab_text_color=&#8221;#E50054&#8243; body_text_color=&#8221;#E50054&#8243; tab_line_height=&#8221;2.5em&#8221; border_style_all=&#8221;none&#8221; global_colors_info=&#8221;{}&#8221;]\t\t\t\t\t[\/et_pb_wc_tabs][et_pb_wc_upsells _builder_version=&#8221;4.16&#8243; global_colors_info=&#8221;{}&#8221;][\/et_pb_wc_upsells][et_pb_wc_related_products disabled_on=&#8221;on|on|on&#8221; _builder_version=&#8221;4.16&#8243; disabled global_colors_info=&#8221;{}&#8221;][\/et_pb_wc_related_products][\/et_pb_column][\/et_pb_row][\/et_pb_section]<\/p>\n","protected":false},"excerpt":{"rendered":"<p>Size 390 cm ~ 90 cmCAPACITY 1 to 2 PeoplePack Full Pack IncludedProgramLevel<\/p>\n","protected":false},"featured_media":1109,"comment_status":"open","ping_status":"closed","template":"","meta":{"_et_pb_use_builder":"on","_et_pb_old_content":"Le <strong>NEON Flux 390<\/strong> est un kayak gonflable <strong>polyvalent, stable et performant<\/strong>, con\u00e7u pour naviguer aussi bien <strong>en solo qu\u2019en duo<\/strong>. Gr\u00e2ce \u00e0 son <strong>fond haute pression en Dropstitch<\/strong> et \u00e0 ses <strong>tubes double enveloppe<\/strong>, il offre une rigidit\u00e9 remarquable, une excellente tenue sur l\u2019eau et un confort de navigation durable. Avec <strong>390 cm de longueur<\/strong> et <strong>90 cm de largeur<\/strong>, il combine <strong>stabilit\u00e9 rassurante<\/strong> et <strong>bonne glisse<\/strong>, id\u00e9al pour les balades, les randonn\u00e9es nautiques et les sorties sportives sur lac, rivi\u00e8re ou mer calme.\r\n\r\nSa conception repose sur une structure <strong>\u00e0 5 chambres \u00e0 air<\/strong>, pens\u00e9e pour la s\u00e9curit\u00e9 et le confort :\r\n<ul>\r\n \t<li><strong>1 fond Dropstitch haute pression (5 PSI)<\/strong> pour une rigidit\u00e9 optimale<\/li>\r\n \t<li><strong>2 tubes lat\u00e9raux (1,5 PSI)<\/strong> assurant stabilit\u00e9 et flottabilit\u00e9<\/li>\r\n \t<li><strong>2 si\u00e8ges gonflables<\/strong>, confortables et ajustables<\/li>\r\n<\/ul>\r\nCette architecture garantit une navigation fiable, m\u00eame \u00e0 pleine charge. Avec une <strong>capacit\u00e9 maximale de 240 kg<\/strong>, le NEON Flux 390 peut accueillir <strong>1 \u00e0 2 personnes<\/strong> et transporter sans difficult\u00e9 l\u2019\u00e9quipement n\u00e9cessaire pour une journ\u00e9e compl\u00e8te sur l\u2019eau.\r\n\r\nLes <strong>tubes double enveloppe<\/strong>, compos\u00e9s de vessies internes en PVC prot\u00e9g\u00e9es par une <strong>housse textile robuste<\/strong>, offrent une excellente r\u00e9sistance \u00e0 l\u2019abrasion et une durabilit\u00e9 accrue. Le <strong>fond<\/strong> est \u00e9quip\u00e9 de <strong>valves haute pression<\/strong>, tandis que les <strong>tubes<\/strong> disposent de <strong>valves Boston<\/strong>, pour un gonflage simple, rapide et s\u00e9curis\u00e9.\r\n\r\nLe kayak est propos\u00e9 en <strong>pack complet<\/strong>, pr\u00eat \u00e0 naviguer, comprenant :\r\n<ul>\r\n \t<li>1 kayak <strong>NEON Flux 390<\/strong><\/li>\r\n \t<li>1 sac de transport compact - type sac \u00e0 dos<\/li>\r\n \t<li>2 pagaies d\u00e9montables<\/li>\r\n \t<li>2 si\u00e8ges gonflables ajustables<\/li>\r\n \t<li>1 pompe haute pression avec manom\u00e8tre<\/li>\r\n \t<li>2 ailerons pour une meilleure tenue de cap<\/li>\r\n \t<li>1 kit de r\u00e9paration<\/li>\r\n \t<li>1 manuel d\u2019utilisation<\/li>\r\n<\/ul>\r\nFacile \u00e0 manipuler, le NEON Flux 390 se <strong>plie en quelques minutes<\/strong> : il suffit de le poser \u00e0 plat, de rabattre les tubes vers l\u2019int\u00e9rieur puis de le plier dans la longueur pour le ranger dans son sac.\r\n\r\n<strong>Stable, rigide et parfaitement \u00e9quip\u00e9<\/strong>, le <strong>NEON Flux 390<\/strong> est le choix id\u00e9al pour celles et ceux qui recherchent un kayak gonflable <strong>fiable, confortable et bien con\u00e7u<\/strong>, capable de s\u2019adapter \u00e0 tous vos projets nautiques, du loisir \u00e0 la randonn\u00e9e.","_et_gb_content_width":"","content-type":"","om_disable_all_campaigns":false,"inline_featured_image":false},"product_cat":[47],"product_tag":[],"class_list":{"0":"post-1138","1":"product","2":"type-product","3":"status-publish","4":"has-post-thumbnail","6":"product_cat-inflatable-kayak","8":"first","9":"instock","10":"taxable","11":"shipping-taxable","12":"purchasable","13":"product-type-simple"},"aioseo_notices":[],"_links":{"self":[{"href":"https:\/\/neon-sup.com\/en\/wp-json\/wp\/v2\/product\/1138","targetHints":{"allow":["GET"]}}],"collection":[{"href":"https:\/\/neon-sup.com\/en\/wp-json\/wp\/v2\/product"}],"about":[{"href":"https:\/\/neon-sup.com\/en\/wp-json\/wp\/v2\/types\/product"}],"replies":[{"embeddable":true,"href":"https:\/\/neon-sup.com\/en\/wp-json\/wp\/v2\/comments?post=1138"}],"wp:featuredmedia":[{"embeddable":true,"href":"https:\/\/neon-sup.com\/en\/wp-json\/wp\/v2\/media\/1109"}],"wp:attachment":[{"href":"https:\/\/neon-sup.com\/en\/wp-json\/wp\/v2\/media?parent=1138"}],"wp:term":[{"taxonomy":"product_cat","embeddable":true,"href":"https:\/\/neon-sup.com\/en\/wp-json\/wp\/v2\/product_cat?post=1138"},{"taxonomy":"product_tag","embeddable":true,"href":"https:\/\/neon-sup.com\/en\/wp-json\/wp\/v2\/product_tag?post=1138"}],"curies":[{"name":"wp","href":"https:\/\/api.w.org\/{rel}","templated":true}]}}